{"id":293,"date":"2022-02-24T19:33:29","date_gmt":"2022-02-24T19:33:29","guid":{"rendered":"https:\/\/dsds.com.mx\/?page_id=293"},"modified":"2022-03-16T18:37:19","modified_gmt":"2022-03-16T18:37:19","slug":"consultoria-en-impuestos","status":"publish","type":"page","link":"https:\/\/dsds.com.mx\/en\/consultoria-en-impuestos\/","title":{"rendered":"TAX CONSULTANCY"},"content":{"rendered":"<div data-elementor-type=\"wp-page\" data-elementor-id=\"293\" class=\"elementor elementor-293\" data-elementor-post-type=\"page\">\n\t\t\t\t\t\t<section class=\"elementor-section elementor-top-section elementor-element elementor-element-6c8b73fe elementor-section-boxed elementor-section-height-default elementor-section-height-default\" data-id=\"6c8b73fe\" data-element_type=\"section\" data-settings=\"{&quot;background_background&quot;:&quot;classic&quot;}\">\n\t\t\t\t\t\t\t<div class=\"elementor-background-overlay\"><\/div>\n\t\t\t\t\t\t\t<div class=\"elementor-container elementor-column-gap-default\">\n\t\t\t\t\t<div class=\"elementor-column elementor-col-100 elementor-top-column elementor-element elementor-element-9706891\" data-id=\"9706891\" data-element_type=\"column\">\n\t\t\t<div class=\"elementor-widget-wrap elementor-element-populated\">\n\t\t\t\t\t\t<div class=\"elementor-element elementor-element-40a7110 elementor-invisible elementor-widget elementor-widget-heading\" data-id=\"40a7110\" data-element_type=\"widget\" data-settings=\"{&quot;_animation&quot;:&quot;fadeInUp&quot;}\" data-widget_type=\"heading.default\">\n\t\t\t\t<div class=\"elementor-widget-container\">\n\t\t\t\t\t<h2 class=\"elementor-heading-title elementor-size-default\">CONSULTING IN <br>TAXES<\/h2>\t\t\t\t<\/div>\n\t\t\t\t<\/div>\n\t\t\t\t\t<\/div>\n\t\t<\/div>\n\t\t\t\t\t<\/div>\n\t\t<\/section>\n\t\t\t\t<section class=\"elementor-section elementor-top-section elementor-element elementor-element-5073e590 elementor-reverse-mobile elementor-section-boxed elementor-section-height-default elementor-section-height-default\" data-id=\"5073e590\" data-element_type=\"section\">\n\t\t\t\t\t\t<div class=\"elementor-container elementor-column-gap-default\">\n\t\t\t\t\t<div class=\"elementor-column elementor-col-50 elementor-top-column elementor-element elementor-element-485a9df4\" data-id=\"485a9df4\" data-element_type=\"column\">\n\t\t\t<div class=\"elementor-widget-wrap elementor-element-populated\">\n\t\t\t\t\t\t<section class=\"elementor-section elementor-inner-section elementor-element elementor-element-3d451f06 elementor-section-boxed elementor-section-height-default elementor-section-height-default\" data-id=\"3d451f06\" data-element_type=\"section\">\n\t\t\t\t\t\t<div class=\"elementor-container elementor-column-gap-default\">\n\t\t\t\t\t<div class=\"elementor-column elementor-col-100 elementor-inner-column elementor-element elementor-element-b62b69b elementor-hidden-mobile\" data-id=\"b62b69b\" data-element_type=\"column\" data-settings=\"{&quot;background_background&quot;:&quot;classic&quot;}\">\n\t\t\t<div class=\"elementor-widget-wrap elementor-element-populated\">\n\t\t\t\t\t\t<div class=\"elementor-element elementor-element-31dce05c elementor-widget elementor-widget-heading\" data-id=\"31dce05c\" data-element_type=\"widget\" data-widget_type=\"heading.default\">\n\t\t\t\t<div class=\"elementor-widget-container\">\n\t\t\t\t\t<h2 class=\"elementor-heading-title elementor-size-default\">All our services<\/h2>\t\t\t\t<\/div>\n\t\t\t\t<\/div>\n\t\t\t\t<div class=\"elementor-element elementor-element-6870e9d elementor-widget-divider--view-line elementor-widget elementor-widget-divider\" data-id=\"6870e9d\" data-element_type=\"widget\" data-widget_type=\"divider.default\">\n\t\t\t\t<div class=\"elementor-widget-container\">\n\t\t\t\t\t\t\t<div class=\"elementor-divider\">\n\t\t\t<span class=\"elementor-divider-separator\">\n\t\t\t\t\t\t<\/span>\n\t\t<\/div>\n\t\t\t\t\t\t<\/div>\n\t\t\t\t<\/div>\n\t\t\t\t<div class=\"elementor-element elementor-element-20670a0 elementor-align-start elementor-icon-list--layout-traditional elementor-list-item-link-full_width elementor-widget elementor-widget-icon-list\" data-id=\"20670a0\" data-element_type=\"widget\" data-widget_type=\"icon-list.default\">\n\t\t\t\t<div class=\"elementor-widget-container\">\n\t\t\t\t\t\t\t<ul class=\"elementor-icon-list-items\">\n\t\t\t\t\t\t\t<li class=\"elementor-icon-list-item\">\n\t\t\t\t\t\t\t\t\t\t\t<a href=\"\/en\/auditoria\/\">\n\n\t\t\t\t\t\t\t\t\t\t\t<span class=\"elementor-icon-list-text\">AUDIT<\/span>\n\t\t\t\t\t\t\t\t\t\t\t<\/a>\n\t\t\t\t\t\t\t\t\t<\/li>\n\t\t\t\t\t\t\t\t<li class=\"elementor-icon-list-item\">\n\t\t\t\t\t\t\t\t\t\t\t<a href=\"\/en\/consultoria-en-impuestos\/\">\n\n\t\t\t\t\t\t\t\t\t\t\t<span class=\"elementor-icon-list-text\">ACCOUNTING<\/span>\n\t\t\t\t\t\t\t\t\t\t\t<\/a>\n\t\t\t\t\t\t\t\t\t<\/li>\n\t\t\t\t\t\t\t\t<li class=\"elementor-icon-list-item\">\n\t\t\t\t\t\t\t\t\t\t\t<a href=\"\/en\/contabilidad\/\">\n\n\t\t\t\t\t\t\t\t\t\t\t<span class=\"elementor-icon-list-text\">TAX CONSULTANCY<\/span>\n\t\t\t\t\t\t\t\t\t\t\t<\/a>\n\t\t\t\t\t\t\t\t\t<\/li>\n\t\t\t\t\t\t\t\t<li class=\"elementor-icon-list-item\">\n\t\t\t\t\t\t\t\t\t\t\t<a href=\"\/en\/legal\/\">\n\n\t\t\t\t\t\t\t\t\t\t\t<span class=\"elementor-icon-list-text\">LEGALES Y FISCALES<\/span>\n\t\t\t\t\t\t\t\t\t\t\t<\/a>\n\t\t\t\t\t\t\t\t\t<\/li>\n\t\t\t\t\t\t\t\t<li class=\"elementor-icon-list-item\">\n\t\t\t\t\t\t\t\t\t\t\t<a href=\"\/en\/precios-de-transferencia\/\">\n\n\t\t\t\t\t\t\t\t\t\t\t<span class=\"elementor-icon-list-text\">TRANSFER PRICES<\/span>\n\t\t\t\t\t\t\t\t\t\t\t<\/a>\n\t\t\t\t\t\t\t\t\t<\/li>\n\t\t\t\t\t\t\t\t<li class=\"elementor-icon-list-item\">\n\t\t\t\t\t\t\t\t\t\t\t<a href=\"http:\/\/actinom.com.mx\">\n\n\t\t\t\t\t\t\t\t\t\t\t<span class=\"elementor-icon-list-text\">HUMAN RESOURCES <\/span>\n\t\t\t\t\t\t\t\t\t\t\t<\/a>\n\t\t\t\t\t\t\t\t\t<\/li>\n\t\t\t\t\t\t\t\t<li class=\"elementor-icon-list-item\">\n\t\t\t\t\t\t\t\t\t\t\t<a href=\"\/en\/seguros\/\">\n\n\t\t\t\t\t\t\t\t\t\t\t<span class=\"elementor-icon-list-text\">INSURANCE<\/span>\n\t\t\t\t\t\t\t\t\t\t\t<\/a>\n\t\t\t\t\t\t\t\t\t<\/li>\n\t\t\t\t\t\t<\/ul>\n\t\t\t\t\t\t<\/div>\n\t\t\t\t<\/div>\n\t\t\t\t\t<\/div>\n\t\t<\/div>\n\t\t\t\t\t<\/div>\n\t\t<\/section>\n\t\t\t\t<section class=\"elementor-section elementor-inner-section elementor-element elementor-element-72d7114f elementor-section-boxed elementor-section-height-default elementor-section-height-default\" data-id=\"72d7114f\" data-element_type=\"section\">\n\t\t\t\t\t\t<div class=\"elementor-container elementor-column-gap-default\">\n\t\t\t\t\t<div class=\"elementor-column elementor-col-100 elementor-inner-column elementor-element elementor-element-1faa8de9\" data-id=\"1faa8de9\" data-element_type=\"column\" data-settings=\"{&quot;background_background&quot;:&quot;classic&quot;}\">\n\t\t\t<div class=\"elementor-widget-wrap elementor-element-populated\">\n\t\t\t\t\t\t<div class=\"elementor-element elementor-element-5978c2b8 elementor-widget elementor-widget-heading\" data-id=\"5978c2b8\" data-element_type=\"widget\" data-widget_type=\"heading.default\">\n\t\t\t\t<div class=\"elementor-widget-container\">\n\t\t\t\t\t<h2 class=\"elementor-heading-title elementor-size-default\">Contact US <\/h2>\t\t\t\t<\/div>\n\t\t\t\t<\/div>\n\t\t\t\t<div class=\"elementor-element elementor-element-7383cba elementor-widget__width-initial elementor-mobile-align-center elementor-icon-list--layout-traditional elementor-list-item-link-full_width elementor-invisible elementor-widget elementor-widget-icon-list\" data-id=\"7383cba\" data-element_type=\"widget\" data-settings=\"{&quot;_animation&quot;:&quot;fadeInUp&quot;}\" data-widget_type=\"icon-list.default\">\n\t\t\t\t<div class=\"elementor-widget-container\">\n\t\t\t\t\t\t\t<ul class=\"elementor-icon-list-items\">\n\t\t\t\t\t\t\t<li class=\"elementor-icon-list-item\">\n\t\t\t\t\t\t\t\t\t\t\t<a href=\"mailto:contacto@dsds.com.mx\">\n\n\t\t\t\t\t\t\t\t\t\t\t\t<span class=\"elementor-icon-list-icon\">\n\t\t\t\t\t\t\t<i aria-hidden=\"true\" class=\"icon icon-envelope\"><\/i>\t\t\t\t\t\t<\/span>\n\t\t\t\t\t\t\t\t\t\t<span class=\"elementor-icon-list-text\">contacto@dsds.com.mx<\/span>\n\t\t\t\t\t\t\t\t\t\t\t<\/a>\n\t\t\t\t\t\t\t\t\t<\/li>\n\t\t\t\t\t\t\t\t<li class=\"elementor-icon-list-item\">\n\t\t\t\t\t\t\t\t\t\t\t<a href=\"tel:52002700\">\n\n\t\t\t\t\t\t\t\t\t\t\t\t<span class=\"elementor-icon-list-icon\">\n\t\t\t\t\t\t\t<i aria-hidden=\"true\" class=\"fas fa-phone-alt\"><\/i>\t\t\t\t\t\t<\/span>\n\t\t\t\t\t\t\t\t\t\t<span class=\"elementor-icon-list-text\">52 002-700<\/span>\n\t\t\t\t\t\t\t\t\t\t\t<\/a>\n\t\t\t\t\t\t\t\t\t<\/li>\n\t\t\t\t\t\t<\/ul>\n\t\t\t\t\t\t<\/div>\n\t\t\t\t<\/div>\n\t\t\t\t\t<\/div>\n\t\t<\/div>\n\t\t\t\t\t<\/div>\n\t\t<\/section>\n\t\t\t\t<section class=\"elementor-section elementor-inner-section elementor-element elementor-element-691ada70 elementor-section-boxed elementor-section-height-default elementor-section-height-default\" data-id=\"691ada70\" data-element_type=\"section\">\n\t\t\t\t\t\t<div class=\"elementor-container elementor-column-gap-default\">\n\t\t\t\t\t<div class=\"elementor-column elementor-col-100 elementor-inner-column elementor-element elementor-element-7d5774df\" data-id=\"7d5774df\" data-element_type=\"column\" data-settings=\"{&quot;background_background&quot;:&quot;classic&quot;}\">\n\t\t\t<div class=\"elementor-widget-wrap elementor-element-populated\">\n\t\t\t\t\t\t<div class=\"elementor-element elementor-element-7043cbd8 elementor-widget elementor-widget-heading\" data-id=\"7043cbd8\" data-element_type=\"widget\" data-widget_type=\"heading.default\">\n\t\t\t\t<div class=\"elementor-widget-container\">\n\t\t\t\t\t<h2 class=\"elementor-heading-title elementor-size-default\">Brochures<\/h2>\t\t\t\t<\/div>\n\t\t\t\t<\/div>\n\t\t\t\t<div class=\"elementor-element elementor-element-febb1a9 elementor-align-left elementor-mobile-align-center elementor-widget elementor-widget-button\" data-id=\"febb1a9\" data-element_type=\"widget\" data-widget_type=\"button.default\">\n\t\t\t\t<div class=\"elementor-widget-container\">\n\t\t\t\t\t\t\t\t\t<div class=\"elementor-button-wrapper\">\n\t\t\t\t\t<a class=\"elementor-button elementor-button-link elementor-size-sm\" href=\"\/wp-content\/uploads\/2022\/03\/Duran-Silvoria.com.ma-Samano.pdf\">\n\t\t\t\t\t\t<span class=\"elementor-button-content-wrapper\">\n\t\t\t\t\t\t<span class=\"elementor-button-icon\">\n\t\t\t\t<i aria-hidden=\"true\" class=\"far fa-file-pdf\"><\/i>\t\t\t<\/span>\n\t\t\t\t\t\t\t\t\t<span class=\"elementor-button-text\">Download PDF<\/span>\n\t\t\t\t\t<\/span>\n\t\t\t\t\t<\/a>\n\t\t\t\t<\/div>\n\t\t\t\t\t\t\t\t<\/div>\n\t\t\t\t<\/div>\n\t\t\t\t\t<\/div>\n\t\t<\/div>\n\t\t\t\t\t<\/div>\n\t\t<\/section>\n\t\t\t\t\t<\/div>\n\t\t<\/div>\n\t\t\t\t<div class=\"elementor-column elementor-col-50 elementor-top-column elementor-element elementor-element-5ce65efc\" data-id=\"5ce65efc\" data-element_type=\"column\">\n\t\t\t<div class=\"elementor-widget-wrap elementor-element-populated\">\n\t\t\t\t\t\t<div class=\"elementor-element elementor-element-42d1a084 elementor-invisible elementor-widget elementor-widget-heading\" data-id=\"42d1a084\" data-element_type=\"widget\" data-settings=\"{&quot;_animation&quot;:&quot;fadeInUp&quot;}\" data-widget_type=\"heading.default\">\n\t\t\t\t<div class=\"elementor-widget-container\">\n\t\t\t\t\t<h2 class=\"elementor-heading-title elementor-size-default\">\u00bfWhat does it consist of?<\/h2>\t\t\t\t<\/div>\n\t\t\t\t<\/div>\n\t\t\t\t<div class=\"elementor-element elementor-element-963acc3 elementor-icon-list--layout-traditional elementor-list-item-link-full_width elementor-invisible elementor-widget elementor-widget-icon-list\" data-id=\"963acc3\" data-element_type=\"widget\" data-settings=\"{&quot;_animation&quot;:&quot;fadeInUp&quot;}\" data-widget_type=\"icon-list.default\">\n\t\t\t\t<div class=\"elementor-widget-container\">\n\t\t\t\t\t\t\t<ul class=\"elementor-icon-list-items\">\n\t\t\t\t\t\t\t<li class=\"elementor-icon-list-item\">\n\t\t\t\t\t\t\t\t\t\t\t<span class=\"elementor-icon-list-icon\">\n\t\t\t\t\t\t\t<i aria-hidden=\"true\" class=\"fas fa-check-circle\"><\/i>\t\t\t\t\t\t<\/span>\n\t\t\t\t\t\t\t\t\t\t<span class=\"elementor-icon-list-text\">Advice for the determination and payment of federal and annual taxes<\/span>\n\t\t\t\t\t\t\t\t\t<\/li>\n\t\t\t\t\t\t\t\t<li class=\"elementor-icon-list-item\">\n\t\t\t\t\t\t\t\t\t\t\t<span class=\"elementor-icon-list-icon\">\n\t\t\t\t\t\t\t<i aria-hidden=\"true\" class=\"fas fa-check-circle\"><\/i>\t\t\t\t\t\t<\/span>\n\t\t\t\t\t\t\t\t\t\t<span class=\"elementor-icon-list-text\">Advice for the determination and payment of monthly local taxes<\/span>\n\t\t\t\t\t\t\t\t\t<\/li>\n\t\t\t\t\t\t\t\t<li class=\"elementor-icon-list-item\">\n\t\t\t\t\t\t\t\t\t\t\t<span class=\"elementor-icon-list-icon\">\n\t\t\t\t\t\t\t<i aria-hidden=\"true\" class=\"fas fa-check-circle\"><\/i>\t\t\t\t\t\t<\/span>\n\t\t\t\t\t\t\t\t\t\t<span class=\"elementor-icon-list-text\">Periodic monitoring of financial and fiscal results.<\/span>\n\t\t\t\t\t\t\t\t\t<\/li>\n\t\t\t\t\t\t\t\t<li class=\"elementor-icon-list-item\">\n\t\t\t\t\t\t\t\t\t\t\t<span class=\"elementor-icon-list-icon\">\n\t\t\t\t\t\t\t<i aria-hidden=\"true\" class=\"fas fa-check-circle\"><\/i>\t\t\t\t\t\t<\/span>\n\t\t\t\t\t\t\t\t\t\t<span class=\"elementor-icon-list-text\">Determination of fiscal results.<\/span>\n\t\t\t\t\t\t\t\t\t<\/li>\n\t\t\t\t\t\t\t\t<li class=\"elementor-icon-list-item\">\n\t\t\t\t\t\t\t\t\t\t\t<span class=\"elementor-icon-list-icon\">\n\t\t\t\t\t\t\t<i aria-hidden=\"true\" class=\"fas fa-check-circle\"><\/i>\t\t\t\t\t\t<\/span>\n\t\t\t\t\t\t\t\t\t\t<span class=\"elementor-icon-list-text\">Advice for the use of tax incentives.<\/span>\n\t\t\t\t\t\t\t\t\t<\/li>\n\t\t\t\t\t\t\t\t<li class=\"elementor-icon-list-item\">\n\t\t\t\t\t\t\t\t\t\t\t<span class=\"elementor-icon-list-icon\">\n\t\t\t\t\t\t\t<i aria-hidden=\"true\" class=\"fas fa-check-circle\"><\/i>\t\t\t\t\t\t<\/span>\n\t\t\t\t\t\t\t\t\t\t<span class=\"elementor-icon-list-text\">Advice and\/or preparation and presentation of requests for VAT refunds.<\/span>\n\t\t\t\t\t\t\t\t\t<\/li>\n\t\t\t\t\t\t\t\t<li class=\"elementor-icon-list-item\">\n\t\t\t\t\t\t\t\t\t\t\t<span class=\"elementor-icon-list-icon\">\n\t\t\t\t\t\t\t<i aria-hidden=\"true\" class=\"fas fa-check-circle\"><\/i>\t\t\t\t\t\t<\/span>\n\t\t\t\t\t\t\t\t\t\t<span class=\"elementor-icon-list-text\">Advice on the distribution of dividends and\/or capital withdrawals from partners and shareholders<\/span>\n\t\t\t\t\t\t\t\t\t<\/li>\n\t\t\t\t\t\t\t\t<li class=\"elementor-icon-list-item\">\n\t\t\t\t\t\t\t\t\t\t\t<span class=\"elementor-icon-list-icon\">\n\t\t\t\t\t\t\t<i aria-hidden=\"true\" class=\"fas fa-check-circle\"><\/i>\t\t\t\t\t\t<\/span>\n\t\t\t\t\t\t\t\t\t\t<span class=\"elementor-icon-list-text\">Corporate restructurings.<\/span>\n\t\t\t\t\t\t\t\t\t<\/li>\n\t\t\t\t\t\t\t\t<li class=\"elementor-icon-list-item\">\n\t\t\t\t\t\t\t\t\t\t\t<span class=\"elementor-icon-list-icon\">\n\t\t\t\t\t\t\t<i aria-hidden=\"true\" class=\"fas fa-check-circle\"><\/i>\t\t\t\t\t\t<\/span>\n\t\t\t\t\t\t\t\t\t\t<span class=\"elementor-icon-list-text\">Opinion for alienation of shares<\/span>\n\t\t\t\t\t\t\t\t\t<\/li>\n\t\t\t\t\t\t\t\t<li class=\"elementor-icon-list-item\">\n\t\t\t\t\t\t\t\t\t\t\t<span class=\"elementor-icon-list-icon\">\n\t\t\t\t\t\t\t<i aria-hidden=\"true\" class=\"fas fa-check-circle\"><\/i>\t\t\t\t\t\t<\/span>\n\t\t\t\t\t\t\t\t\t\t<span class=\"elementor-icon-list-text\">Application to the financial statements of the NIFS (B10, D3, D4, C8 and C15)<\/span>\n\t\t\t\t\t\t\t\t\t<\/li>\n\t\t\t\t\t\t\t\t<li class=\"elementor-icon-list-item\">\n\t\t\t\t\t\t\t\t\t\t\t<span class=\"elementor-icon-list-icon\">\n\t\t\t\t\t\t\t<i aria-hidden=\"true\" class=\"fas fa-check-circle\"><\/i>\t\t\t\t\t\t<\/span>\n\t\t\t\t\t\t\t\t\t\t<span class=\"elementor-icon-list-text\">Application of a specific regulation.<\/span>\n\t\t\t\t\t\t\t\t\t<\/li>\n\t\t\t\t\t\t\t\t<li class=\"elementor-icon-list-item\">\n\t\t\t\t\t\t\t\t\t\t\t<span class=\"elementor-icon-list-icon\">\n\t\t\t\t\t\t\t<i aria-hidden=\"true\" class=\"fas fa-check-circle\"><\/i>\t\t\t\t\t\t<\/span>\n\t\t\t\t\t\t\t\t\t\t<span class=\"elementor-icon-list-text\">Conversion of financial statements to foreign currency.<\/span>\n\t\t\t\t\t\t\t\t\t<\/li>\n\t\t\t\t\t\t<\/ul>\n\t\t\t\t\t\t<\/div>\n\t\t\t\t<\/div>\n\t\t\t\t<div class=\"elementor-element elementor-element-4e5ff965 elementor-invisible elementor-widget elementor-widget-image\" data-id=\"4e5ff965\" data-element_type=\"widget\" data-settings=\"{&quot;_animation&quot;:&quot;fadeInUp&quot;}\" data-widget_type=\"image.default\">\n\t\t\t\t<div class=\"elementor-widget-container\">\n\t\t\t\t\t\t\t\t\t\t\t\t\t\t\t<img fetchpriority=\"high\" decoding=\"async\" width=\"700\" height=\"450\" src=\"https:\/\/dsds.com.mx\/wp-content\/uploads\/2022\/02\/consultoria-interior.png\" class=\"attachment-full size-full wp-image-552\" alt=\"\" srcset=\"https:\/\/dsds.com.mx\/wp-content\/uploads\/2022\/02\/consultoria-interior.png 700w, https:\/\/dsds.com.mx\/wp-content\/uploads\/2022\/02\/consultoria-interior-300x193.png 300w\" sizes=\"(max-width: 700px) 100vw, 700px\" \/>\t\t\t\t\t\t\t\t\t\t\t\t\t\t\t<\/div>\n\t\t\t\t<\/div>\n\t\t\t\t\t<\/div>\n\t\t<\/div>\n\t\t\t\t\t<\/div>\n\t\t<\/section>\n\t\t\t\t<\/div>","protected":false},"excerpt":{"rendered":"<p>CONSULTOR\u00cdA EN IMPUESTOS Todos nuestros servicios AUDITOR\u00cdA CONTABILIDAD CONSULTOR\u00cdA EN IMPUESTOS LEGALES Y FISCALES PRECIOS DE TRANSFERENCIA RECURSOS HUMANOS SEGUROS Cont\u00e1ctanos contacto@dsds.com.mx 52 002-700 Brochures Descargar PDF \u00bfEn qu\u00e9 consiste? Asesor\u00edas para la determinaci\u00f3n y pago de impuestos federales y anuales. Asesor\u00edas para la determinaci\u00f3n y pago de impuestos locales mensuales. Seguimiento peri\u00f3dico en los [&hellip;]<\/p>","protected":false},"author":2,"featured_media":0,"parent":0,"menu_order":0,"comment_status":"closed","ping_status":"closed","template":"","meta":{"footnotes":""},"class_list":["post-293","page","type-page","status-publish","hentry"],"yoast_head":"<!-- This site is optimized with the Yoast SEO plugin v26.6 - https:\/\/yoast.com\/wordpress\/plugins\/seo\/ -->\n<title>CONSULTOR\u00cdA EN IMPUESTOS | Samano Duran Silva<\/title>\n<meta name=\"robots\" content=\"index, follow, max-snippet:-1, max-image-preview:large, max-video-preview:-1\" \/>\n<link rel=\"canonical\" href=\"https:\/\/dsds.com.mx\/en\/consultoria-en-impuestos\/\" \/>\n<meta property=\"og:locale\" content=\"en_US\" \/>\n<meta property=\"og:type\" content=\"article\" \/>\n<meta property=\"og:title\" content=\"CONSULTOR\u00cdA EN IMPUESTOS | Samano Duran Silva\" \/>\n<meta property=\"og:description\" content=\"CONSULTOR\u00cdA EN IMPUESTOS Todos nuestros servicios AUDITOR\u00cdA CONTABILIDAD CONSULTOR\u00cdA EN IMPUESTOS LEGALES Y FISCALES PRECIOS DE TRANSFERENCIA RECURSOS HUMANOS SEGUROS Cont\u00e1ctanos contacto@dsds.com.mx 52 002-700 Brochures Descargar PDF \u00bfEn qu\u00e9 consiste? Asesor\u00edas para la determinaci\u00f3n y pago de impuestos federales y anuales. Asesor\u00edas para la determinaci\u00f3n y pago de impuestos locales mensuales. Seguimiento peri\u00f3dico en los [&hellip;]\" \/>\n<meta property=\"og:url\" content=\"https:\/\/dsds.com.mx\/en\/consultoria-en-impuestos\/\" \/>\n<meta property=\"og:site_name\" content=\"Samano Duran Silva\" \/>\n<meta property=\"article:modified_time\" content=\"2022-03-16T18:37:19+00:00\" \/>\n<meta property=\"og:image\" content=\"https:\/\/dsds.com.mx\/wp-content\/uploads\/2022\/02\/consultoria-interior.png\" \/>\n<meta name=\"twitter:card\" content=\"summary_large_image\" \/>\n<meta name=\"twitter:label1\" content=\"Est. reading time\" \/>\n\t<meta name=\"twitter:data1\" content=\"1 minute\" \/>\n<script type=\"application\/ld+json\" class=\"yoast-schema-graph\">{\"@context\":\"https:\/\/schema.org\",\"@graph\":[{\"@type\":\"WebPage\",\"@id\":\"https:\/\/dsds.com.mx\/consultoria-en-impuestos\/\",\"url\":\"https:\/\/dsds.com.mx\/consultoria-en-impuestos\/\",\"name\":\"CONSULTOR\u00cdA EN IMPUESTOS | Samano Duran Silva\",\"isPartOf\":{\"@id\":\"https:\/\/dsds.com.mx\/#website\"},\"primaryImageOfPage\":{\"@id\":\"https:\/\/dsds.com.mx\/consultoria-en-impuestos\/#primaryimage\"},\"image\":{\"@id\":\"https:\/\/dsds.com.mx\/consultoria-en-impuestos\/#primaryimage\"},\"thumbnailUrl\":\"https:\/\/dsds.com.mx\/wp-content\/uploads\/2022\/02\/consultoria-interior.png\",\"datePublished\":\"2022-02-24T19:33:29+00:00\",\"dateModified\":\"2022-03-16T18:37:19+00:00\",\"breadcrumb\":{\"@id\":\"https:\/\/dsds.com.mx\/consultoria-en-impuestos\/#breadcrumb\"},\"inLanguage\":\"en-US\",\"potentialAction\":[{\"@type\":\"ReadAction\",\"target\":[\"https:\/\/dsds.com.mx\/consultoria-en-impuestos\/\"]}]},{\"@type\":\"ImageObject\",\"inLanguage\":\"en-US\",\"@id\":\"https:\/\/dsds.com.mx\/consultoria-en-impuestos\/#primaryimage\",\"url\":\"https:\/\/dsds.com.mx\/wp-content\/uploads\/2022\/02\/consultoria-interior.png\",\"contentUrl\":\"https:\/\/dsds.com.mx\/wp-content\/uploads\/2022\/02\/consultoria-interior.png\"},{\"@type\":\"BreadcrumbList\",\"@id\":\"https:\/\/dsds.com.mx\/consultoria-en-impuestos\/#breadcrumb\",\"itemListElement\":[{\"@type\":\"ListItem\",\"position\":1,\"name\":\"Inicio\",\"item\":\"https:\/\/dsds.com.mx\/\"},{\"@type\":\"ListItem\",\"position\":2,\"name\":\"CONSULTOR\u00cdA EN IMPUESTOS\"}]},{\"@type\":\"WebSite\",\"@id\":\"https:\/\/dsds.com.mx\/#website\",\"url\":\"https:\/\/dsds.com.mx\/\",\"name\":\"Samano Duran Silva\",\"description\":\"Contadores p\u00fablicos  \",\"publisher\":{\"@id\":\"https:\/\/dsds.com.mx\/#organization\"},\"potentialAction\":[{\"@type\":\"SearchAction\",\"target\":{\"@type\":\"EntryPoint\",\"urlTemplate\":\"https:\/\/dsds.com.mx\/?s={search_term_string}\"},\"query-input\":{\"@type\":\"PropertyValueSpecification\",\"valueRequired\":true,\"valueName\":\"search_term_string\"}}],\"inLanguage\":\"en-US\"},{\"@type\":\"Organization\",\"@id\":\"https:\/\/dsds.com.mx\/#organization\",\"name\":\"Duran Silva Samano\",\"url\":\"https:\/\/dsds.com.mx\/\",\"logo\":{\"@type\":\"ImageObject\",\"inLanguage\":\"en-US\",\"@id\":\"https:\/\/dsds.com.mx\/#\/schema\/logo\/image\/\",\"url\":\"https:\/\/dsds.com.mx\/wp-content\/uploads\/2022\/02\/cropped-duran-silva-samano-2.png\",\"contentUrl\":\"https:\/\/dsds.com.mx\/wp-content\/uploads\/2022\/02\/cropped-duran-silva-samano-2.png\",\"width\":197,\"height\":75,\"caption\":\"Duran Silva Samano\"},\"image\":{\"@id\":\"https:\/\/dsds.com.mx\/#\/schema\/logo\/image\/\"}}]}<\/script>\n<!-- \/ Yoast SEO plugin. -->","yoast_head_json":{"title":"CONSULTOR\u00cdA EN IMPUESTOS | Samano Duran Silva","robots":{"index":"index","follow":"follow","max-snippet":"max-snippet:-1","max-image-preview":"max-image-preview:large","max-video-preview":"max-video-preview:-1"},"canonical":"https:\/\/dsds.com.mx\/en\/consultoria-en-impuestos\/","og_locale":"en_US","og_type":"article","og_title":"CONSULTOR\u00cdA EN IMPUESTOS | Samano Duran Silva","og_description":"CONSULTOR\u00cdA EN IMPUESTOS Todos nuestros servicios AUDITOR\u00cdA CONTABILIDAD CONSULTOR\u00cdA EN IMPUESTOS LEGALES Y FISCALES PRECIOS DE TRANSFERENCIA RECURSOS HUMANOS SEGUROS Cont\u00e1ctanos contacto@dsds.com.mx 52 002-700 Brochures Descargar PDF \u00bfEn qu\u00e9 consiste? Asesor\u00edas para la determinaci\u00f3n y pago de impuestos federales y anuales. Asesor\u00edas para la determinaci\u00f3n y pago de impuestos locales mensuales. Seguimiento peri\u00f3dico en los [&hellip;]","og_url":"https:\/\/dsds.com.mx\/en\/consultoria-en-impuestos\/","og_site_name":"Samano Duran Silva","article_modified_time":"2022-03-16T18:37:19+00:00","og_image":[{"url":"https:\/\/dsds.com.mx\/wp-content\/uploads\/2022\/02\/consultoria-interior.png","type":"","width":"","height":""}],"twitter_card":"summary_large_image","twitter_misc":{"Est. reading time":"1 minute"},"schema":{"@context":"https:\/\/schema.org","@graph":[{"@type":"WebPage","@id":"https:\/\/dsds.com.mx\/consultoria-en-impuestos\/","url":"https:\/\/dsds.com.mx\/consultoria-en-impuestos\/","name":"CONSULTOR\u00cdA EN IMPUESTOS | Samano Duran Silva","isPartOf":{"@id":"https:\/\/dsds.com.mx\/#website"},"primaryImageOfPage":{"@id":"https:\/\/dsds.com.mx\/consultoria-en-impuestos\/#primaryimage"},"image":{"@id":"https:\/\/dsds.com.mx\/consultoria-en-impuestos\/#primaryimage"},"thumbnailUrl":"https:\/\/dsds.com.mx\/wp-content\/uploads\/2022\/02\/consultoria-interior.png","datePublished":"2022-02-24T19:33:29+00:00","dateModified":"2022-03-16T18:37:19+00:00","breadcrumb":{"@id":"https:\/\/dsds.com.mx\/consultoria-en-impuestos\/#breadcrumb"},"inLanguage":"en-US","potentialAction":[{"@type":"ReadAction","target":["https:\/\/dsds.com.mx\/consultoria-en-impuestos\/"]}]},{"@type":"ImageObject","inLanguage":"en-US","@id":"https:\/\/dsds.com.mx\/consultoria-en-impuestos\/#primaryimage","url":"https:\/\/dsds.com.mx\/wp-content\/uploads\/2022\/02\/consultoria-interior.png","contentUrl":"https:\/\/dsds.com.mx\/wp-content\/uploads\/2022\/02\/consultoria-interior.png"},{"@type":"BreadcrumbList","@id":"https:\/\/dsds.com.mx\/consultoria-en-impuestos\/#breadcrumb","itemListElement":[{"@type":"ListItem","position":1,"name":"Inicio","item":"https:\/\/dsds.com.mx\/"},{"@type":"ListItem","position":2,"name":"CONSULTOR\u00cdA EN IMPUESTOS"}]},{"@type":"WebSite","@id":"https:\/\/dsds.com.mx\/#website","url":"https:\/\/dsds.com.mx\/","name":"Samano Duran Silva","description":"Contadores p\u00fablicos","publisher":{"@id":"https:\/\/dsds.com.mx\/#organization"},"potentialAction":[{"@type":"SearchAction","target":{"@type":"EntryPoint","urlTemplate":"https:\/\/dsds.com.mx\/?s={search_term_string}"},"query-input":{"@type":"PropertyValueSpecification","valueRequired":true,"valueName":"search_term_string"}}],"inLanguage":"en-US"},{"@type":"Organization","@id":"https:\/\/dsds.com.mx\/#organization","name":"Duran Silva Samano","url":"https:\/\/dsds.com.mx\/","logo":{"@type":"ImageObject","inLanguage":"en-US","@id":"https:\/\/dsds.com.mx\/#\/schema\/logo\/image\/","url":"https:\/\/dsds.com.mx\/wp-content\/uploads\/2022\/02\/cropped-duran-silva-samano-2.png","contentUrl":"https:\/\/dsds.com.mx\/wp-content\/uploads\/2022\/02\/cropped-duran-silva-samano-2.png","width":197,"height":75,"caption":"Duran Silva Samano"},"image":{"@id":"https:\/\/dsds.com.mx\/#\/schema\/logo\/image\/"}}]}},"_links":{"self":[{"href":"https:\/\/dsds.com.mx\/en\/wp-json\/wp\/v2\/pages\/293","targetHints":{"allow":["GET"]}}],"collection":[{"href":"https:\/\/dsds.com.mx\/en\/wp-json\/wp\/v2\/pages"}],"about":[{"href":"https:\/\/dsds.com.mx\/en\/wp-json\/wp\/v2\/types\/page"}],"author":[{"embeddable":true,"href":"https:\/\/dsds.com.mx\/en\/wp-json\/wp\/v2\/users\/2"}],"replies":[{"embeddable":true,"href":"https:\/\/dsds.com.mx\/en\/wp-json\/wp\/v2\/comments?post=293"}],"version-history":[{"count":27,"href":"https:\/\/dsds.com.mx\/en\/wp-json\/wp\/v2\/pages\/293\/revisions"}],"predecessor-version":[{"id":1103,"href":"https:\/\/dsds.com.mx\/en\/wp-json\/wp\/v2\/pages\/293\/revisions\/1103"}],"wp:attachment":[{"href":"https:\/\/dsds.com.mx\/en\/wp-json\/wp\/v2\/media?parent=293"}],"curies":[{"name":"wp","href":"https:\/\/api.w.org\/{rel}","templated":true}]}}